{"id":64,"date":"2025-01-09T12:38:43","date_gmt":"2025-01-09T12:38:43","guid":{"rendered":"https:\/\/lifegarden.t2m.info\/?page_id=64"},"modified":"2026-03-10T16:07:57","modified_gmt":"2026-03-10T16:07:57","slug":"reservation","status":"publish","type":"page","link":"https:\/\/lifegarden.t2m.info\/?page_id=64","title":{"rendered":"Kontakt"},"content":{"rendered":"\t\t<div data-elementor-type=\"wp-page\" data-elementor-id=\"64\" class=\"elementor elementor-64\">\n\t\t\t\t<div class=\"elementor-element elementor-element-4418954 e-flex e-con-boxed e-con e-parent\" data-id=\"4418954\" data-element_type=\"container\" data-e-type=\"container\">\n\t\t\t\t\t<div class=\"e-con-inner\">\n\t\t\t\t<div class=\"elementor-element elementor-element-9377469 elementor-absolute elementor-invisible elementor-widget elementor-widget-image\" data-id=\"9377469\" data-element_type=\"widget\" data-e-type=\"widget\" data-settings=\"{&quot;_position&quot;:&quot;absolute&quot;,&quot;_animation_delay&quot;:1000,&quot;_animation&quot;:&quot;fadeInRight&quot;}\" data-widget_type=\"image.default\">\n\t\t\t\t\t\t\t\t\t\t\t\t\t\t\t<img fetchpriority=\"high\" decoding=\"async\" width=\"682\" height=\"1024\" src=\"https:\/\/lifegarden.t2m.info\/wp-content\/uploads\/2025\/11\/yofood-graphic-1-682x1024.webp\" class=\"attachment-large size-large wp-image-26\" alt=\"\" srcset=\"https:\/\/lifegarden.t2m.info\/wp-content\/uploads\/2025\/11\/yofood-graphic-1-682x1024.webp 682w, https:\/\/lifegarden.t2m.info\/wp-content\/uploads\/2025\/11\/yofood-graphic-1-200x300.webp 200w, https:\/\/lifegarden.t2m.info\/wp-content\/uploads\/2025\/11\/yofood-graphic-1-433x650.webp 433w, https:\/\/lifegarden.t2m.info\/wp-content\/uploads\/2025\/11\/yofood-graphic-1-600x901.webp 600w, https:\/\/lifegarden.t2m.info\/wp-content\/uploads\/2025\/11\/yofood-graphic-1.webp 688w\" sizes=\"(max-width: 682px) 100vw, 682px\" \/>\t\t\t\t\t\t\t\t\t\t\t\t\t\t\t<\/div>\n\t\t<div class=\"elementor-element elementor-element-1195f38 e-con-full e-flex e-con e-child\" data-id=\"1195f38\" data-element_type=\"container\" data-e-type=\"container\">\n\t\t<div class=\"elementor-element elementor-element-12b4263 e-con-full e-flex e-con e-child\" data-id=\"12b4263\" data-element_type=\"container\" data-e-type=\"container\" data-settings=\"{&quot;background_background&quot;:&quot;classic&quot;}\">\n\t\t\t\t<div class=\"elementor-element elementor-element-f9d6539 elementor-absolute elementor-invisible elementor-widget elementor-widget-image\" data-id=\"f9d6539\" data-element_type=\"widget\" data-e-type=\"widget\" data-settings=\"{&quot;_position&quot;:&quot;absolute&quot;,&quot;_animation_delay&quot;:1000,&quot;_animation&quot;:&quot;fadeInUp&quot;}\" data-widget_type=\"image.default\">\n\t\t\t\t\t\t\t\t\t\t\t\t\t\t\t<img decoding=\"async\" width=\"512\" height=\"512\" src=\"https:\/\/lifegarden.t2m.info\/wp-content\/uploads\/2025\/11\/Verzierung_1.png\" class=\"attachment-large size-large wp-image-188\" alt=\"\" srcset=\"https:\/\/lifegarden.t2m.info\/wp-content\/uploads\/2025\/11\/Verzierung_1.png 512w, https:\/\/lifegarden.t2m.info\/wp-content\/uploads\/2025\/11\/Verzierung_1-300x300.png 300w, https:\/\/lifegarden.t2m.info\/wp-content\/uploads\/2025\/11\/Verzierung_1-150x150.png 150w, https:\/\/lifegarden.t2m.info\/wp-content\/uploads\/2025\/11\/Verzierung_1-100x100.png 100w\" sizes=\"(max-width: 512px) 100vw, 512px\" \/>\t\t\t\t\t\t\t\t\t\t\t\t\t\t\t<\/div>\n\t\t\t\t<div class=\"elementor-element elementor-element-303ccdb elementor-widget__width-initial elementor-invisible elementor-widget elementor-widget-heading\" data-id=\"303ccdb\" data-element_type=\"widget\" data-e-type=\"widget\" data-settings=\"{&quot;_animation_delay&quot;:250,&quot;_animation&quot;:&quot;fadeInUp&quot;}\" data-widget_type=\"heading.default\">\n\t\t\t\t\t<h1 class=\"elementor-heading-title elementor-size-default\">Reservierungen &amp; Kontakt<\/h1>\t\t\t\t<\/div>\n\t\t\t\t<div class=\"elementor-element elementor-element-05e59b9 elementor-widget__width-initial elementor-invisible elementor-widget elementor-widget-text-editor\" data-id=\"05e59b9\" data-element_type=\"widget\" data-e-type=\"widget\" data-settings=\"{&quot;_animation_delay&quot;:500,&quot;_animation&quot;:&quot;fadeInUp&quot;}\" data-widget_type=\"text-editor.default\">\n\t\t\t\t\t\t\t\t\t<p>F\u00fcr Reservierungen und Anfragen kontaktieren Sie uns \u00fcber das Kontaktformular oder rufen Sie uns direkt an. Wir freuen uns darauf, von Ihnen zu h\u00f6ren!<\/p>\t\t\t\t\t\t\t\t<\/div>\n\t\t\t\t<div class=\"elementor-element elementor-element-e972a3b ui-e-submit-align--center elementor-invisible elementor-widget elementor-widget-uicore-contact-form\" data-id=\"e972a3b\" data-element_type=\"widget\" data-e-type=\"widget\" data-settings=\"{&quot;_animation_delay&quot;:750,&quot;_animation&quot;:&quot;fadeInUp&quot;}\" data-widget_type=\"uicore-contact-form.default\">\n\t\t\t\t\t\n        <form class=\"ui-e-form\" method=\"post\" name=\"New Form\">\n\n            <input type=\"hidden\" name=\"post_id\" value=\"64\" \/>\n            <input type=\"hidden\" name=\"widget_type\" value=\"contact-form\">\n\n            <input type=\"hidden\" name=\"required_fields_message\" value=\"Fill all required fields.\">\n\n            <div class=\"ui-e-fields-wrp\">\n\n                \n                    <div class=\"ui-e-field-type-text ui-e-field-group elementor-column ui-e-field-group-name elementor-col-100  ui-e-required\">\n                                                    <label for=\"form-field-name\" class=\"ui-e-label\">\n                                Name & Nachname                            <\/label>\n                                                            <input size=\"1\" type=\"text\" name=\"form_fields[name]\" id=\"form-field-name\" class=\"ui-e-field  ui-e-field-textual\" placeholder=\"Max Mustermann\" required=\"required\" aria-required=\"true\">\n                                            <\/div>\n\n                \n                    <div class=\"ui-e-field-type-email ui-e-field-group elementor-column ui-e-field-group-email elementor-col-50  ui-e-required\">\n                                                    <label for=\"form-field-email\" class=\"ui-e-label\">\n                                Email                            <\/label>\n                                                            <input size=\"1\" type=\"email\" name=\"form_fields[email]\" id=\"form-field-email\" class=\"ui-e-field  ui-e-field-textual\" placeholder=\"maxmuster@gmail.com\" required=\"required\" aria-required=\"true\">\n                                            <\/div>\n\n                \n                    <div class=\"ui-e-field-type-tel ui-e-field-group elementor-column ui-e-field-group-email elementor-col-50  ui-e-required\">\n                                                    <label for=\"form-field-email\" class=\"ui-e-label\">\n                                Tel                            <\/label>\n                                                            <input size=\"1\" type=\"tel\" name=\"form_fields[email]\" id=\"form-field-email\" class=\"ui-e-field  ui-e-field-textual\" placeholder=\"+49 1234 5678\" required=\"required\" aria-required=\"true\">\n                                            <\/div>\n\n                \n                    <div class=\"ui-e-field-type-date ui-e-field-group elementor-column ui-e-field-group- elementor-col-100  ui-e-required\">\n                                                    <label for=\"form-field-\" class=\"ui-e-label\">\n                                Reservierungsdatum                            <\/label>\n                                                            <input size=\"1\" type=\"date\" name=\"form_fields[]\" id=\"form-field-\" class=\"ui-e-field  ui-e-field-textual\" required=\"required\" aria-required=\"true\">\n                                            <\/div>\n\n                \n                    <div class=\"ui-e-field-type-time ui-e-field-group elementor-column ui-e-field-group- elementor-col-100  ui-e-required\">\n                                                    <label for=\"form-field-\" class=\"ui-e-label\">\n                                Uhrzeit                            <\/label>\n                                                            <input size=\"1\" type=\"time\" name=\"form_fields[]\" id=\"form-field-\" class=\"ui-e-field  ui-e-field-textual\" required=\"required\" aria-required=\"true\">\n                                            <\/div>\n\n                \n                    <div class=\"ui-e-field-type-textarea ui-e-field-group elementor-column ui-e-field-group-message elementor-col-100\">\n                                                    <label for=\"form-field-message\" class=\"ui-e-label\">\n                                Besondere W\u00fcnsche                            <\/label>\n                            <textarea class=\"ui-e-field \" name=\"form_fields[message]\" id=\"form-field-message\" rows=\"4\" placeholder=\"\u00c4u\u00dfern Sie Ihre besonderen W\u00fcnsche hier ...\"><\/textarea>                    <\/div>\n\n                \n                <div class=\"ui-e-field-group elementor-column ui-e-field-type-submit elementor-col-100 e-form__buttons\">\n                    <button type=\"submit\" class=\"elementor-button\">\n                        <span >\n                                                            <span class=\"\">\n                                                                                                        <\/span>\n                                                                                        <span class=\"ui-e-text\">Anfrage versenden<\/span>\n                                                    <\/span>\n                    <\/button>\n                <\/div>\n\n            <\/div>\n\n            <div class=\"ui-e-message \">\n                            <\/div>\n        <\/form>\n                <script>\n            window.ui_e_form_validation_messages = {\"required_fields\":\"Fill all required fields.\"};\n        <\/script>\n\t\t\t\t<\/div>\n\t\t\t\t<\/div>\n\t\t\t\t<div class=\"elementor-element elementor-element-f65e803 elementor-absolute elementor-invisible elementor-widget elementor-widget-image\" data-id=\"f65e803\" data-element_type=\"widget\" data-e-type=\"widget\" data-settings=\"{&quot;_position&quot;:&quot;absolute&quot;,&quot;_animation_delay&quot;:1000,&quot;_animation&quot;:&quot;fadeInRight&quot;}\" data-widget_type=\"image.default\">\n\t\t\t\t\t\t\t\t\t\t\t\t\t\t\t<img decoding=\"async\" width=\"580\" height=\"650\" src=\"https:\/\/lifegarden.t2m.info\/wp-content\/uploads\/2025\/11\/yofood-about-2.webp\" class=\"attachment-large size-large wp-image-49\" alt=\"\" srcset=\"https:\/\/lifegarden.t2m.info\/wp-content\/uploads\/2025\/11\/yofood-about-2.webp 580w, https:\/\/lifegarden.t2m.info\/wp-content\/uploads\/2025\/11\/yofood-about-2-268x300.webp 268w\" sizes=\"(max-width: 580px) 100vw, 580px\" \/>\t\t\t\t\t\t\t\t\t\t\t\t\t\t\t<\/div>\n\t\t\t\t<div class=\"elementor-element elementor-element-56182c8 elementor-absolute elementor-invisible elementor-widget elementor-widget-image\" data-id=\"56182c8\" data-element_type=\"widget\" data-e-type=\"widget\" data-settings=\"{&quot;_position&quot;:&quot;absolute&quot;,&quot;_animation_delay&quot;:1000,&quot;_animation&quot;:&quot;fadeInRight&quot;}\" data-widget_type=\"image.default\">\n\t\t\t\t\t\t\t\t\t\t\t\t\t\t\t<img loading=\"lazy\" decoding=\"async\" width=\"460\" height=\"1024\" src=\"https:\/\/lifegarden.t2m.info\/wp-content\/uploads\/2025\/11\/yofood-graphic-5-460x1024.webp\" class=\"attachment-large size-large wp-image-31\" alt=\"\" srcset=\"https:\/\/lifegarden.t2m.info\/wp-content\/uploads\/2025\/11\/yofood-graphic-5-460x1024.webp 460w, https:\/\/lifegarden.t2m.info\/wp-content\/uploads\/2025\/11\/yofood-graphic-5-135x300.webp 135w, https:\/\/lifegarden.t2m.info\/wp-content\/uploads\/2025\/11\/yofood-graphic-5-292x650.webp 292w, https:\/\/lifegarden.t2m.info\/wp-content\/uploads\/2025\/11\/yofood-graphic-5.webp 538w\" sizes=\"(max-width: 460px) 100vw, 460px\" \/>\t\t\t\t\t\t\t\t\t\t\t\t\t\t\t<\/div>\n\t\t\t\t<div class=\"elementor-element elementor-element-f58e37f elementor-absolute elementor-invisible elementor-widget elementor-widget-image\" data-id=\"f58e37f\" data-element_type=\"widget\" data-e-type=\"widget\" data-settings=\"{&quot;_position&quot;:&quot;absolute&quot;,&quot;_animation_delay&quot;:1000,&quot;_animation&quot;:&quot;fadeInLeft&quot;}\" data-widget_type=\"image.default\">\n\t\t\t\t\t\t\t\t\t\t\t\t\t\t\t<img loading=\"lazy\" decoding=\"async\" width=\"793\" height=\"762\" src=\"https:\/\/lifegarden.t2m.info\/wp-content\/uploads\/2025\/11\/yofood-graphic3.webp\" class=\"attachment-large size-large wp-image-63\" alt=\"\" srcset=\"https:\/\/lifegarden.t2m.info\/wp-content\/uploads\/2025\/11\/yofood-graphic3.webp 793w, https:\/\/lifegarden.t2m.info\/wp-content\/uploads\/2025\/11\/yofood-graphic3-300x288.webp 300w, https:\/\/lifegarden.t2m.info\/wp-content\/uploads\/2025\/11\/yofood-graphic3-768x738.webp 768w, https:\/\/lifegarden.t2m.info\/wp-content\/uploads\/2025\/11\/yofood-graphic3-650x625.webp 650w, https:\/\/lifegarden.t2m.info\/wp-content\/uploads\/2025\/11\/yofood-graphic3-600x577.webp 600w\" sizes=\"(max-width: 793px) 100vw, 793px\" \/>\t\t\t\t\t\t\t\t\t\t\t\t\t\t\t<\/div>\n\t\t\t\t<\/div>\n\t\t\t\t\t<\/div>\n\t\t\t\t<\/div>\n\t\t\t\t<\/div>\n\t\t","protected":false},"excerpt":{"rendered":"<p>Reservierungen &amp; Kontakt F\u00fcr Reservierungen und Anfragen kontaktieren Sie uns \u00fcber das Kontaktformular oder rufen Sie uns direkt an. Wir freuen uns darauf, von Ihnen zu h\u00f6ren! Name &#038; Nachname Email Tel Reservierungsdatum Uhrzeit Besondere W\u00fcnsche Anfrage versenden<\/p>\n","protected":false},"author":1,"featured_media":0,"parent":0,"menu_order":0,"comment_status":"closed","ping_status":"closed","template":"","meta":{"footnotes":""},"class_list":["post-64","page","type-page","status-publish","hentry"],"yoast_head":"<!-- This site is optimized with the Yoast SEO plugin v27.1.1 - https:\/\/yoast.com\/product\/yoast-seo-wordpress\/ -->\n<title>Kontakt Life Garden Restaurant &amp; Eventlocation Kernen<\/title>\n<meta name=\"description\" content=\"Kontaktieren Sie Life Garden in Kernen bei Stuttgart f\u00fcr Reservierungen, Hochzeiten oder Events. Telefon, Adresse und Formular verf\u00fcgbar.\" \/>\n<meta name=\"robots\" content=\"index, follow, max-snippet:-1, max-image-preview:large, max-video-preview:-1\" \/>\n<link rel=\"canonical\" href=\"https:\/\/lifegarden.t2m.info\/?page_id=64\" \/>\n<meta property=\"og:locale\" content=\"de_DE\" \/>\n<meta property=\"og:type\" content=\"article\" \/>\n<meta property=\"og:title\" content=\"Kontakt Life Garden Restaurant &amp; Eventlocation Kernen\" \/>\n<meta property=\"og:description\" content=\"Kontaktieren Sie Life Garden in Kernen bei Stuttgart f\u00fcr Reservierungen, Hochzeiten oder Events. Telefon, Adresse und Formular verf\u00fcgbar.\" \/>\n<meta property=\"og:url\" content=\"https:\/\/lifegarden.t2m.info\/?page_id=64\" \/>\n<meta property=\"og:site_name\" content=\"Lifegarden Kernen\" \/>\n<meta property=\"article:modified_time\" content=\"2026-03-10T16:07:57+00:00\" \/>\n<meta property=\"og:image\" content=\"https:\/\/lifegarden.t2m.info\/wp-content\/uploads\/2025\/11\/yofood-graphic-1-682x1024.webp\" \/>\n<meta name=\"twitter:card\" content=\"summary_large_image\" \/>\n<meta name=\"twitter:label1\" content=\"Gesch\u00e4tzte Lesezeit\" \/>\n\t<meta name=\"twitter:data1\" content=\"2\u00a0Minuten\" \/>\n<script type=\"application\/ld+json\" class=\"yoast-schema-graph\">{\"@context\":\"https:\/\/schema.org\",\"@graph\":[{\"@type\":\"WebPage\",\"@id\":\"https:\/\/lifegarden.t2m.info\/?page_id=64\",\"url\":\"https:\/\/lifegarden.t2m.info\/?page_id=64\",\"name\":\"Kontakt Life Garden Restaurant & Eventlocation Kernen\",\"isPartOf\":{\"@id\":\"https:\/\/lifegarden.t2m.info\/#website\"},\"primaryImageOfPage\":{\"@id\":\"https:\/\/lifegarden.t2m.info\/?page_id=64#primaryimage\"},\"image\":{\"@id\":\"https:\/\/lifegarden.t2m.info\/?page_id=64#primaryimage\"},\"thumbnailUrl\":\"https:\/\/lifegarden.t2m.info\/wp-content\/uploads\/2025\/11\/yofood-graphic-1-682x1024.webp\",\"datePublished\":\"2025-01-09T12:38:43+00:00\",\"dateModified\":\"2026-03-10T16:07:57+00:00\",\"description\":\"Kontaktieren Sie Life Garden in Kernen bei Stuttgart f\u00fcr Reservierungen, Hochzeiten oder Events. Telefon, Adresse und Formular verf\u00fcgbar.\",\"breadcrumb\":{\"@id\":\"https:\/\/lifegarden.t2m.info\/?page_id=64#breadcrumb\"},\"inLanguage\":\"de\",\"potentialAction\":[{\"@type\":\"ReadAction\",\"target\":[\"https:\/\/lifegarden.t2m.info\/?page_id=64\"]}]},{\"@type\":\"ImageObject\",\"inLanguage\":\"de\",\"@id\":\"https:\/\/lifegarden.t2m.info\/?page_id=64#primaryimage\",\"url\":\"https:\/\/lifegarden.t2m.info\/wp-content\/uploads\/2025\/11\/yofood-graphic-1.webp\",\"contentUrl\":\"https:\/\/lifegarden.t2m.info\/wp-content\/uploads\/2025\/11\/yofood-graphic-1.webp\",\"width\":688,\"height\":1033},{\"@type\":\"BreadcrumbList\",\"@id\":\"https:\/\/lifegarden.t2m.info\/?page_id=64#breadcrumb\",\"itemListElement\":[{\"@type\":\"ListItem\",\"position\":1,\"name\":\"Start\",\"item\":\"https:\/\/lifegarden.t2m.info\/\"},{\"@type\":\"ListItem\",\"position\":2,\"name\":\"Kontakt\"}]},{\"@type\":\"WebSite\",\"@id\":\"https:\/\/lifegarden.t2m.info\/#website\",\"url\":\"https:\/\/lifegarden.t2m.info\/\",\"name\":\"Lifegarden Kernen\",\"description\":\"\",\"potentialAction\":[{\"@type\":\"SearchAction\",\"target\":{\"@type\":\"EntryPoint\",\"urlTemplate\":\"https:\/\/lifegarden.t2m.info\/?s={search_term_string}\"},\"query-input\":{\"@type\":\"PropertyValueSpecification\",\"valueRequired\":true,\"valueName\":\"search_term_string\"}}],\"inLanguage\":\"de\"}]}<\/script>\n<!-- \/ Yoast SEO plugin. -->","yoast_head_json":{"title":"Kontakt Life Garden Restaurant & Eventlocation Kernen","description":"Kontaktieren Sie Life Garden in Kernen bei Stuttgart f\u00fcr Reservierungen, Hochzeiten oder Events. Telefon, Adresse und Formular verf\u00fcgbar.","robots":{"index":"index","follow":"follow","max-snippet":"max-snippet:-1","max-image-preview":"max-image-preview:large","max-video-preview":"max-video-preview:-1"},"canonical":"https:\/\/lifegarden.t2m.info\/?page_id=64","og_locale":"de_DE","og_type":"article","og_title":"Kontakt Life Garden Restaurant & Eventlocation Kernen","og_description":"Kontaktieren Sie Life Garden in Kernen bei Stuttgart f\u00fcr Reservierungen, Hochzeiten oder Events. Telefon, Adresse und Formular verf\u00fcgbar.","og_url":"https:\/\/lifegarden.t2m.info\/?page_id=64","og_site_name":"Lifegarden Kernen","article_modified_time":"2026-03-10T16:07:57+00:00","og_image":[{"url":"https:\/\/lifegarden.t2m.info\/wp-content\/uploads\/2025\/11\/yofood-graphic-1-682x1024.webp","type":"","width":"","height":""}],"twitter_card":"summary_large_image","twitter_misc":{"Gesch\u00e4tzte Lesezeit":"2\u00a0Minuten"},"schema":{"@context":"https:\/\/schema.org","@graph":[{"@type":"WebPage","@id":"https:\/\/lifegarden.t2m.info\/?page_id=64","url":"https:\/\/lifegarden.t2m.info\/?page_id=64","name":"Kontakt Life Garden Restaurant & Eventlocation Kernen","isPartOf":{"@id":"https:\/\/lifegarden.t2m.info\/#website"},"primaryImageOfPage":{"@id":"https:\/\/lifegarden.t2m.info\/?page_id=64#primaryimage"},"image":{"@id":"https:\/\/lifegarden.t2m.info\/?page_id=64#primaryimage"},"thumbnailUrl":"https:\/\/lifegarden.t2m.info\/wp-content\/uploads\/2025\/11\/yofood-graphic-1-682x1024.webp","datePublished":"2025-01-09T12:38:43+00:00","dateModified":"2026-03-10T16:07:57+00:00","description":"Kontaktieren Sie Life Garden in Kernen bei Stuttgart f\u00fcr Reservierungen, Hochzeiten oder Events. Telefon, Adresse und Formular verf\u00fcgbar.","breadcrumb":{"@id":"https:\/\/lifegarden.t2m.info\/?page_id=64#breadcrumb"},"inLanguage":"de","potentialAction":[{"@type":"ReadAction","target":["https:\/\/lifegarden.t2m.info\/?page_id=64"]}]},{"@type":"ImageObject","inLanguage":"de","@id":"https:\/\/lifegarden.t2m.info\/?page_id=64#primaryimage","url":"https:\/\/lifegarden.t2m.info\/wp-content\/uploads\/2025\/11\/yofood-graphic-1.webp","contentUrl":"https:\/\/lifegarden.t2m.info\/wp-content\/uploads\/2025\/11\/yofood-graphic-1.webp","width":688,"height":1033},{"@type":"BreadcrumbList","@id":"https:\/\/lifegarden.t2m.info\/?page_id=64#breadcrumb","itemListElement":[{"@type":"ListItem","position":1,"name":"Start","item":"https:\/\/lifegarden.t2m.info\/"},{"@type":"ListItem","position":2,"name":"Kontakt"}]},{"@type":"WebSite","@id":"https:\/\/lifegarden.t2m.info\/#website","url":"https:\/\/lifegarden.t2m.info\/","name":"Lifegarden Kernen","description":"","potentialAction":[{"@type":"SearchAction","target":{"@type":"EntryPoint","urlTemplate":"https:\/\/lifegarden.t2m.info\/?s={search_term_string}"},"query-input":{"@type":"PropertyValueSpecification","valueRequired":true,"valueName":"search_term_string"}}],"inLanguage":"de"}]}},"_links":{"self":[{"href":"https:\/\/lifegarden.t2m.info\/index.php?rest_route=\/wp\/v2\/pages\/64","targetHints":{"allow":["GET"]}}],"collection":[{"href":"https:\/\/lifegarden.t2m.info\/index.php?rest_route=\/wp\/v2\/pages"}],"about":[{"href":"https:\/\/lifegarden.t2m.info\/index.php?rest_route=\/wp\/v2\/types\/page"}],"author":[{"embeddable":true,"href":"https:\/\/lifegarden.t2m.info\/index.php?rest_route=\/wp\/v2\/users\/1"}],"replies":[{"embeddable":true,"href":"https:\/\/lifegarden.t2m.info\/index.php?rest_route=%2Fwp%2Fv2%2Fcomments&post=64"}],"version-history":[{"count":16,"href":"https:\/\/lifegarden.t2m.info\/index.php?rest_route=\/wp\/v2\/pages\/64\/revisions"}],"predecessor-version":[{"id":518,"href":"https:\/\/lifegarden.t2m.info\/index.php?rest_route=\/wp\/v2\/pages\/64\/revisions\/518"}],"wp:attachment":[{"href":"https:\/\/lifegarden.t2m.info\/index.php?rest_route=%2Fwp%2Fv2%2Fmedia&parent=64"}],"curies":[{"name":"wp","href":"https:\/\/api.w.org\/{rel}","templated":true}]}}